{"id":896,"date":"2020-02-27T10:56:30","date_gmt":"2020-02-27T07:56:30","guid":{"rendered":"http:\/\/alfadestek.com\/enmad\/?page_id=896"},"modified":"2020-08-05T17:34:42","modified_gmt":"2020-08-05T14:34:42","slug":"er-2000b","status":"publish","type":"page","link":"http:\/\/www.enmaddrilling.com\/index.php\/er-2000b\/","title":{"rendered":"ER-2000B"},"content":{"rendered":"<p>[vc_row][vc_column][vc_column_text]<\/p>\n<h3 style=\"text-align: center;\"><strong>ER-2000B ELMAS KAROTLU SONDAJ MAK\u0130NES\u0130<\/strong><\/h3>\n<h3 style=\"text-align: center;\"><strong>TEKN\u0130K \u00d6ZELL\u0130KLER<\/strong><\/h3>\n<p>[\/vc_column_text][\/vc_column][\/vc_row][vc_row][vc_column width=&#8221;2\/5&#8243;][vc_toggle title=&#8221;Delme Kapasitesi&#8221; style=&#8221;rounded&#8221; size=&#8221;sm&#8221;]<\/p>\n<table width=\"594\">\n<tbody>\n<tr>\n<td width=\"315\">Tij Tipi<\/td>\n<td colspan=\"2\" width=\"279\">Delme Kapasitesi (m)<br \/>\n(Kuyunun S\u0131v\u0131 ile Dolu Oldu\u011fu Varsay\u0131lmaktad\u0131r)<\/td>\n<\/tr>\n<tr>\n<td width=\"315\">BQ<\/td>\n<td colspan=\"2\" width=\"279\">2500<\/td>\n<\/tr>\n<tr>\n<td width=\"315\">NQ<\/td>\n<td colspan=\"2\" width=\"279\">2000<\/td>\n<\/tr>\n<tr>\n<td width=\"315\">HQ<\/td>\n<td colspan=\"2\" width=\"279\">1500<\/td>\n<\/tr>\n<tr>\n<td width=\"315\">PQ<\/td>\n<td colspan=\"2\" width=\"279\">900<\/td>\n<\/tr>\n<\/tbody>\n<\/table>\n<p>[\/vc_toggle][vc_toggle title=&#8221;Dizel Motor&#8221; style=&#8221;rounded&#8221; size=&#8221;sm&#8221;]<\/p>\n<table width=\"594\">\n<tbody>\n<tr>\n<td width=\"315\">Dizel Motor<\/td>\n<td colspan=\"2\" width=\"279\">Cummins ISL 8.9 L, 6 silindir, turbo, intercooler dizel motor<\/td>\n<\/tr>\n<tr>\n<td width=\"315\">Silindir Hacmi<\/td>\n<td colspan=\"2\" width=\"279\">8.9 L<\/td>\n<\/tr>\n<tr>\n<td width=\"315\">2,200 devir\/dak.&#8217;da Maksimum G\u00fc\u00e7<\/td>\n<td colspan=\"2\" width=\"279\">400 hp<\/td>\n<\/tr>\n<\/tbody>\n<\/table>\n<p>[\/vc_toggle][vc_toggle title=&#8221;PQ Delme Ba\u015fl\u0131\u011f\u0131&#8221; style=&#8221;rounded&#8221; size=&#8221;sm&#8221;]<\/p>\n<table width=\"594\">\n<tbody>\n<tr>\n<td width=\"315\">Maksimum Tij \u00c7ap\u0131<\/td>\n<td colspan=\"2\" width=\"279\">127 mm<\/td>\n<\/tr>\n<tr>\n<td width=\"315\">Rotasyon Motoru<\/td>\n<td colspan=\"2\" width=\"279\">Rexroth A6VM107 veya A6VM140 hidrolik motor &#8211; de\u011fi\u015fken debili\/ters d\u00f6n\u00fc\u015fl\u00fc<\/td>\n<\/tr>\n<tr>\n<td width=\"315\"><\/td>\n<td colspan=\"2\" width=\"279\">4 h\u0131zl\u0131 \u015fanzuman<\/td>\n<\/tr>\n<tr>\n<td width=\"315\"><\/td>\n<td width=\"160\">1.<\/td>\n<td width=\"119\">6.27:1<\/td>\n<\/tr>\n<tr>\n<td width=\"315\">Mekanik \u0130letim Oranlar\u0131<\/td>\n<td width=\"160\">2.<\/td>\n<td width=\"119\">3.12:1<\/td>\n<\/tr>\n<tr>\n<td width=\"315\"><\/td>\n<td width=\"160\">3.<\/td>\n<td width=\"119\">1.75:1<\/td>\n<\/tr>\n<tr>\n<td width=\"315\"><\/td>\n<td width=\"160\">4.<\/td>\n<td width=\"119\">1.00:1<\/td>\n<\/tr>\n<tr>\n<td width=\"315\">Son S\u00fcr\u00fc\u015f Oran\u0131<\/td>\n<td colspan=\"2\" width=\"279\">Dik Kesme Di\u015fliler 2:1<\/td>\n<\/tr>\n<tr>\n<td width=\"315\">Delme Ba\u015fl\u0131\u011f\u0131n\u0131 Kuyu A\u011fz\u0131ndan Uzakla\u015fma Sistemi<\/td>\n<td colspan=\"2\" width=\"279\">Yana kaymal\u0131 tip \u2014 Hidrolik Olarak<\/td>\n<\/tr>\n<tr>\n<td width=\"315\">Hidrolik PQ \u00c7ene<\/td>\n<td colspan=\"2\" width=\"279\">\u00c7ene, Hidrolik olarak a\u00e7\u0131lan, nitrojen gaz yaylar\u0131 veya \u00e7elik yaylar ile kapanan.<br \/>\nEksenel y\u00fck tutma kapasitesi 222 kN<\/td>\n<\/tr>\n<tr>\n<td width=\"315\">Delme Ba\u015fl\u0131\u011f\u0131 Ya\u011flamas\u0131<\/td>\n<td colspan=\"2\" width=\"279\">Hidrolik olarak \u00e7al\u0131\u015fan ya\u011flama pompas\u0131 ve ya\u011f dola\u015f\u0131m ve so\u011futma sistemi- p\u00fcsk\u00fcrtme yoluyla<\/td>\n<\/tr>\n<tr>\n<td width=\"315\">Delme Ba\u015fl\u0131\u011f\u0131 Ya\u011f Filtresi<\/td>\n<td colspan=\"2\" width=\"279\">25 Mikron y\u00fcksek bas\u0131n\u00e7 ya\u011f filtresi<\/td>\n<\/tr>\n<\/tbody>\n<\/table>\n<p>[\/vc_toggle][vc_toggle title=&#8221;Tork ve devir oranlar\u0131 &#8211; PQ Ba\u015fl\u0131k&#8221; style=&#8221;rounded&#8221; size=&#8221;sm&#8221;]<\/p>\n<table width=\"594\">\n<tbody>\n<tr>\n<td colspan=\"3\" width=\"594\">(Dizel Motor 2,200 devir\/dakiakada \u00e7al\u0131\u015f\u0131rken)<\/td>\n<\/tr>\n<tr>\n<td width=\"315\"><\/td>\n<td width=\"160\">H\u0131z (devir\/dak)<\/td>\n<td width=\"119\">Tork (durma) Nm<\/td>\n<\/tr>\n<tr>\n<td width=\"315\">1. Vites<\/td>\n<td width=\"160\">122- 199<\/td>\n<td width=\"119\">5322 &#8211; 3254<\/td>\n<\/tr>\n<tr>\n<td width=\"315\">2. Vites<\/td>\n<td width=\"160\">245 &#8211; 400<\/td>\n<td width=\"119\">2648 &#8211; 1620<\/td>\n<\/tr>\n<tr>\n<td width=\"315\">3. Vites<\/td>\n<td width=\"160\">440 &#8211; 714<\/td>\n<td width=\"119\">1486 &#8211; 908<\/td>\n<\/tr>\n<tr>\n<td width=\"315\">4. Vites<\/td>\n<td width=\"160\">769 &#8211; 1,250<\/td>\n<td width=\"119\">849 &#8211; 519<\/td>\n<\/tr>\n<\/tbody>\n<\/table>\n<p>[\/vc_toggle][vc_toggle title=&#8221;Hidrolik Sistem&#8221; style=&#8221;rounded&#8221; size=&#8221;sm&#8221;]<\/p>\n<table width=\"594\">\n<tbody>\n<tr>\n<td width=\"315\">Ana Pompa<\/td>\n<td colspan=\"2\" width=\"279\">Kawasaki K3VL140 Eksenel pistonlu, de\u011fi\u015fken debili y\u00fck sens\u00f6r\u00fc, d\u00fc\u015f\u00fck bas\u0131n\u00e7 beklemeli<\/td>\n<\/tr>\n<tr>\n<td width=\"315\">Maksimum Ak\u0131\u015f<\/td>\n<td colspan=\"2\" width=\"279\">280 lt\/dakika<\/td>\n<\/tr>\n<tr>\n<td width=\"315\">Maksimum Bas\u0131n\u00e7 (fabrika ayar\u0131)<\/td>\n<td colspan=\"2\" width=\"279\">320 bar<\/td>\n<\/tr>\n<tr>\n<td width=\"315\">\u0130kincil Pompa<\/td>\n<td colspan=\"2\" width=\"279\">Kawasaki K3VL45 Eksenel pistonlu, de\u011fi\u015fken debili y\u00fck sens\u00f6r\u00fc, d\u00fc\u015f\u00fck bas\u0131n\u00e7 beklemeli<\/td>\n<\/tr>\n<tr>\n<td width=\"315\">Maksimum Ak\u0131\u015f<\/td>\n<td colspan=\"2\" width=\"279\">99 lt\/dakika<\/td>\n<\/tr>\n<tr>\n<td width=\"315\">Maksimum Bas\u0131n\u00e7 (fabrika ayar\u0131)<\/td>\n<td colspan=\"2\" width=\"279\">320 bar<\/td>\n<\/tr>\n<tr>\n<td width=\"315\">\u00dc\u00e7\u00fcnc\u00fcl Pompa<\/td>\n<td colspan=\"2\" width=\"279\">Kawasaki K3VL45 Eksenel pistonlu, de\u011fi\u015fken debili, bas\u0131n\u00e7 dengelemeli<\/td>\n<\/tr>\n<tr>\n<td width=\"315\">Maksimum Ak\u0131\u015f<\/td>\n<td colspan=\"2\" width=\"279\">99 lt\/dakika<\/td>\n<\/tr>\n<tr>\n<td width=\"315\">Maksimum Bas\u0131n\u00e7 (fabrika ayar\u0131)<\/td>\n<td colspan=\"2\" width=\"279\">320 bar<\/td>\n<\/tr>\n<tr>\n<td width=\"315\">Yard\u0131mc\u0131 Pompa<\/td>\n<td colspan=\"2\" width=\"279\">Kawasaki K3VL28 Eksenel pistonlu, de\u011fi\u015fken debili y\u00fck sens\u00f6r\u00fc, d\u00fc\u015f\u00fck bas\u0131n\u00e7 beklemeli<\/td>\n<\/tr>\n<tr>\n<td width=\"315\">Maksimum Ak\u0131\u015f<\/td>\n<td colspan=\"2\" width=\"279\">61 lt\/dakika<\/td>\n<\/tr>\n<tr>\n<td width=\"315\">Maksimum Bas\u0131n\u00e7 (fabrika ayar\u0131)<\/td>\n<td colspan=\"2\" width=\"279\">320 bar<\/td>\n<\/tr>\n<\/tbody>\n<\/table>\n<p>[\/vc_toggle][vc_toggle title=&#8221;Sondaj Kulesi ve Besleme Sistemi&#8221; style=&#8221;rounded&#8221; size=&#8221;sm&#8221;]<\/p>\n<table width=\"594\">\n<tbody>\n<tr>\n<td width=\"315\">Besleme Kursu<\/td>\n<td colspan=\"2\" width=\"279\">3,80 m<\/td>\n<\/tr>\n<tr>\n<td width=\"315\">\u00c7ekme Kapasitesi @ 200 bar<\/td>\n<td colspan=\"2\" width=\"279\">22.600 kg<\/td>\n<\/tr>\n<tr>\n<td width=\"315\">\u0130tme Kapasitesi @ 200 bar<\/td>\n<td colspan=\"2\" width=\"279\">12.600 kg<\/td>\n<\/tr>\n<tr>\n<td width=\"315\">Tij \u00c7ekme Kapasitesi<\/td>\n<td colspan=\"2\" width=\"279\">3 veya 6<\/td>\n<\/tr>\n<tr>\n<td width=\"315\">Sondaj A\u00e7\u0131s\u0131<\/td>\n<td colspan=\"2\" width=\"279\">Yataydan 45\u00b0 ile 90\u00b0 dik a\u015fa\u011f\u0131<\/td>\n<\/tr>\n<\/tbody>\n<\/table>\n<p>[\/vc_toggle][vc_toggle title=&#8221;Ana Vin\u00e7&#8221; style=&#8221;rounded&#8221; size=&#8221;sm&#8221;]<\/p>\n<table width=\"594\">\n<tbody>\n<tr>\n<td width=\"315\">Ana Vin\u00e7<\/td>\n<td colspan=\"2\" width=\"279\">HRD40, Pistonlu, De\u011fi\u015fken Debili Hidromotorlu<\/td>\n<\/tr>\n<tr>\n<td width=\"315\">Kanca Y\u00fck\u00fc (tek halat) Bo\u015f Tambur<\/td>\n<td colspan=\"2\" width=\"279\">18.140 kg<\/td>\n<\/tr>\n<tr>\n<td width=\"315\">Kald\u0131rma H\u0131z\u0131 (tek halat) Bo\u015f Tambur<\/td>\n<td colspan=\"2\" width=\"279\">72 m\/dak ve 40 m\/dak<\/td>\n<\/tr>\n<tr>\n<td width=\"315\">Ana Vin\u00e7 \u00c7elik Halat\u0131<\/td>\n<td colspan=\"2\" width=\"279\">22 mm<\/td>\n<\/tr>\n<tr>\n<td width=\"315\">Minimum Kopma Dayan\u0131m\u0131<\/td>\n<td colspan=\"2\" width=\"279\">51000 kg<\/td>\n<\/tr>\n<\/tbody>\n<\/table>\n<p>[\/vc_toggle][vc_toggle title=&#8221;Wireline Vin\u00e7&#8221; style=&#8221;rounded&#8221; size=&#8221;sm&#8221;]<\/p>\n<table width=\"594\">\n<tbody>\n<tr>\n<td width=\"315\">Rotasyon Motoru<\/td>\n<td colspan=\"2\" width=\"279\">400 cc\/rev, hidrolik motor<\/td>\n<\/tr>\n<tr>\n<td colspan=\"3\" width=\"594\">\u00c7ekme Kuvveti<\/td>\n<\/tr>\n<tr>\n<td width=\"315\">Bo\u015f Tambur<\/td>\n<td colspan=\"2\" width=\"279\">990 kg<\/td>\n<\/tr>\n<tr>\n<td width=\"315\">Dolu Tambur<\/td>\n<td colspan=\"2\" width=\"279\">275 kg<\/td>\n<\/tr>\n<tr>\n<td colspan=\"3\" width=\"594\">\u00c7ekme H\u0131z\u0131<\/td>\n<\/tr>\n<tr>\n<td width=\"315\">Bo\u015f Tambur<\/td>\n<td colspan=\"2\" width=\"279\">145 m\/min<\/td>\n<\/tr>\n<tr>\n<td width=\"315\">Dolu Tambur<\/td>\n<td colspan=\"2\" width=\"279\">433 m\/min<\/td>\n<\/tr>\n<tr>\n<td width=\"315\">Tambur Kapasitesi 4.8 mm (3\/16\u201d) halat i\u00e7in<\/td>\n<td colspan=\"2\" width=\"279\">1.900 m<\/td>\n<\/tr>\n<tr>\n<td width=\"315\">Minimum Kopma Dayan\u0131m\u0131<\/td>\n<td colspan=\"2\" width=\"279\">2.250 kg<\/td>\n<\/tr>\n<\/tbody>\n<\/table>\n<p>[\/vc_toggle][vc_toggle title=&#8221;Y\u00fcr\u00fcy\u00fc\u015f Sistemi&#8221; style=&#8221;rounded&#8221; size=&#8221;sm&#8221;]<\/p>\n<table width=\"594\">\n<tbody>\n<tr>\n<td width=\"315\">Y\u00fcr\u00fcy\u00fc\u015f Paleti Modeli<\/td>\n<td colspan=\"2\" width=\"279\">A-TRACK A-08-09-TH<\/td>\n<\/tr>\n<tr>\n<td width=\"315\">Maksimum Dinamik Kapasite<\/td>\n<td colspan=\"2\" width=\"279\">10000 kg<\/td>\n<\/tr>\n<tr>\n<td width=\"315\">Palet Tipi<\/td>\n<td colspan=\"2\" width=\"279\">400 mm geni\u015flikte \u00fc\u00e7 t\u0131rnakl\u0131 \u00e7elik par\u00e7a pabu\u00e7lar<\/td>\n<\/tr>\n<\/tbody>\n<\/table>\n<p>[\/vc_toggle][vc_toggle title=&#8221;2 x RQ-535 Triplex \u00c7amur Pompas\u0131&#8221; style=&#8221;rounded&#8221; size=&#8221;sm&#8221;]<\/p>\n<table width=\"594\">\n<tbody>\n<tr>\n<td width=\"315\">Rotasyon Motoru<\/td>\n<td colspan=\"2\" width=\"279\">100 cc\/devir, hidrolik motor<\/td>\n<\/tr>\n<tr>\n<td width=\"315\">Maksimum Debisi<\/td>\n<td colspan=\"2\" width=\"279\">135 L\/m<\/td>\n<\/tr>\n<tr>\n<td width=\"315\">\u00c7al\u0131\u015fma Bas\u0131nc\u0131<\/td>\n<td colspan=\"2\" width=\"279\">36 Bar<\/td>\n<\/tr>\n<tr>\n<td width=\"315\">Maksimum Bas\u0131n\u00e7<\/td>\n<td colspan=\"2\" width=\"279\">49 Bar<\/td>\n<\/tr>\n<\/tbody>\n<\/table>\n<p>[\/vc_toggle][vc_toggle title=&#8221;\u00c7amur Kar\u0131\u015ft\u0131r\u0131c\u0131&#8221; style=&#8221;rounded&#8221; size=&#8221;sm&#8221;]<\/p>\n<table width=\"594\">\n<tbody>\n<tr>\n<td colspan=\"3\" width=\"594\">Hidrolik Tahrikli \u00c7amur Kar\u0131\u015ft\u0131r\u0131c\u0131s\u0131<\/td>\n<\/tr>\n<tr>\n<td width=\"315\">\u00c7amur Kar\u0131\u015ft\u0131r\u0131c\u0131 \u015eaft\u0131n Tam Ak\u0131\u015fta maksimum dev\/dk<\/td>\n<td colspan=\"2\" width=\"279\">2300<\/td>\n<\/tr>\n<\/tbody>\n<\/table>\n<p>[\/vc_toggle][\/vc_column][vc_column width=&#8221;3\/5&#8243;][vc_single_image image=&#8221;924&#8243; img_size=&#8221;400&#215;580&#8243; alignment=&#8221;center&#8221; style=&#8221;vc_box_rounded&#8221; onclick=&#8221;img_link_large&#8221; css_animation=&#8221;fadeIn&#8221;][\/vc_column][\/vc_row][vc_row][vc_column width=&#8221;1\/2&#8243;][vc_single_image image=&#8221;825&#8243; img_size=&#8221;large&#8221; alignment=&#8221;center&#8221; style=&#8221;vc_box_rounded&#8221; onclick=&#8221;img_link_large&#8221; css_animation=&#8221;fadeIn&#8221;][vc_single_image image=&#8221;881&#8243; img_size=&#8221;large&#8221; alignment=&#8221;center&#8221; style=&#8221;vc_box_rounded&#8221; onclick=&#8221;img_link_large&#8221; css_animation=&#8221;fadeIn&#8221;][\/vc_column][vc_column width=&#8221;1\/2&#8243;][vc_column_text]<strong>1 adet ER-2000 Sondaj Makinesi a\u015fa\u011f\u0131daki birimlerden olu\u015fmaktad\u0131r.<\/strong><\/p>\n<table width=\"594\">\n<tbody>\n<tr>\n<td colspan=\"3\" width=\"594\">Hidrolik Ya\u011f So\u011futma Grubu<\/td>\n<\/tr>\n<tr>\n<td colspan=\"3\" width=\"594\">Hidrolik Tahrikli Rotasyon Birimi Ya\u011f So\u011futma Grubu<\/td>\n<\/tr>\n<tr>\n<td colspan=\"3\" width=\"594\">Rotasyon Birimi: PQ Delme Ba\u015fl\u0131\u011f\u0131, PQ, HQ ve NQ \u00e7eneleri ile birlikte<\/td>\n<\/tr>\n<tr>\n<td colspan=\"3\" width=\"594\">Vin\u00e7 Grubu: 18 Ton Kapasiteli Ana Vin\u00e7 (Halat ile), Wireline Vin\u00e7 (Halats\u0131z)<\/td>\n<\/tr>\n<tr>\n<td colspan=\"3\" width=\"594\">Hidrolik Kule Kald\u0131rma<\/td>\n<\/tr>\n<tr>\n<td colspan=\"3\" width=\"594\">Hidrolik Kule Yere Dayama<\/td>\n<\/tr>\n<tr>\n<td colspan=\"3\" width=\"594\">Hidrolik Teleskopik Kule A\u00e7ma<\/td>\n<\/tr>\n<tr>\n<td colspan=\"3\" width=\"594\">Hidrolik Makine Dengeleme Krikolar\u0131<\/td>\n<\/tr>\n<tr>\n<td colspan=\"3\" width=\"594\">\u015ease ve 300 lt Yak\u0131t Tank\u0131<\/td>\n<\/tr>\n<tr>\n<td colspan=\"3\" width=\"594\">Dizel Motor Kumanda ve G\u00f6sterge Sistemi<\/td>\n<\/tr>\n<tr>\n<td colspan=\"3\" width=\"594\">Ayd\u0131nlatma Sistemi ve 12V Ak\u00fc<\/td>\n<\/tr>\n<tr>\n<td colspan=\"3\" width=\"594\">2 x 535 Triplex \u00c7amur Pompas\u0131<\/td>\n<\/tr>\n<tr>\n<td colspan=\"3\" width=\"594\">\u00c7amur Kar\u0131\u015ft\u0131r\u0131c\u0131s\u0131<\/td>\n<\/tr>\n<tr>\n<td colspan=\"3\" width=\"594\">Hidrolik Tij Freni (PQ, HQ ve NQ \u00e7eneleri ile) (Opsiyonel)<\/td>\n<\/tr>\n<tr>\n<td colspan=\"3\" width=\"594\">10 kw, 380 Volt, 50 Hz Hidrolik Tahrikli Jenerat\u00f6r (Opsiyonel)<\/td>\n<\/tr>\n<tr>\n<td colspan=\"3\" width=\"594\">10 kw, 380 Volt, 50 Hz Hydraulicly driven Generator (Optional)<\/td>\n<\/tr>\n<\/tbody>\n<\/table>\n<p>[\/vc_column_text][vc_column_text]<strong><u>SONDAJ\u00a0MAK\u0130NASI\u00a0SATI\u015e<\/u><\/strong><u>\u00a0<strong>REFERANSLARIMIZ<\/strong><\/u><\/p>\n<table width=\"605\">\n<tbody>\n<tr>\n<td width=\"605\">1- Turkish Petroleum International Corp., (32 adet ER-2000)<\/td>\n<\/tr>\n<tr>\n<td width=\"605\">2- Enerson M\u00fchendislik Ltd. \u015eti., T\u00fcrkiye (2 adet ER-2000)<\/td>\n<\/tr>\n<\/tbody>\n<\/table>\n<p>[\/vc_column_text][\/vc_column][\/vc_row][vc_row][vc_column width=&#8221;1\/2&#8243;][\/vc_column][vc_column width=&#8221;1\/2&#8243;][\/vc_column][\/vc_row]<\/p>\n","protected":false},"excerpt":{"rendered":"<p>[vc_row][vc_column][vc_column_text] ER-2000B ELMAS KAROTLU SONDAJ MAK\u0130NES\u0130 TEKN\u0130K \u00d6ZELL\u0130KLER [\/vc_column_text][\/vc_column][\/vc_row][vc_row][vc_column width=&#8221;2\/5&#8243;][vc_toggle title=&#8221;Delme Kapasitesi&#8221; style=&#8221;rounded&#8221; size=&#8221;sm&#8221;] Tij Tipi Delme Kapasitesi (m) (Kuyunun S\u0131v\u0131 ile Dolu Oldu\u011fu Varsay\u0131lmaktad\u0131r) BQ 2500 NQ 2000 HQ 1500 PQ 900 [\/vc_toggle][vc_toggle title=&#8221;Dizel Motor&#8221; style=&#8221;rounded&#8221; size=&#8221;sm&#8221;] Dizel Motor<span class=\"read_more_area\"><a class=\"read-more\" href=\"http:\/\/www.enmaddrilling.com\/index.php\/er-2000b\/\"> Continue Reading <\/a><\/span><\/p>\n","protected":false},"author":1,"featured_media":0,"parent":0,"menu_order":0,"comment_status":"closed","ping_status":"closed","template":"","meta":[],"aioseo_notices":[],"_links":{"self":[{"href":"http:\/\/www.enmaddrilling.com\/index.php\/wp-json\/wp\/v2\/pages\/896"}],"collection":[{"href":"http:\/\/www.enmaddrilling.com\/index.php\/wp-json\/wp\/v2\/pages"}],"about":[{"href":"http:\/\/www.enmaddrilling.com\/index.php\/wp-json\/wp\/v2\/types\/page"}],"author":[{"embeddable":true,"href":"http:\/\/www.enmaddrilling.com\/index.php\/wp-json\/wp\/v2\/users\/1"}],"replies":[{"embeddable":true,"href":"http:\/\/www.enmaddrilling.com\/index.php\/wp-json\/wp\/v2\/comments?post=896"}],"version-history":[{"count":20,"href":"http:\/\/www.enmaddrilling.com\/index.php\/wp-json\/wp\/v2\/pages\/896\/revisions"}],"predecessor-version":[{"id":941,"href":"http:\/\/www.enmaddrilling.com\/index.php\/wp-json\/wp\/v2\/pages\/896\/revisions\/941"}],"wp:attachment":[{"href":"http:\/\/www.enmaddrilling.com\/index.php\/wp-json\/wp\/v2\/media?parent=896"}],"curies":[{"name":"wp","href":"https:\/\/api.w.org\/{rel}","templated":true}]}}