{"id":640,"date":"2020-02-11T11:27:18","date_gmt":"2020-02-11T08:27:18","guid":{"rendered":"http:\/\/alfadestek.com\/enmad\/?page_id=640"},"modified":"2022-02-27T16:09:32","modified_gmt":"2022-02-27T13:09:32","slug":"sondaj-hizmetleri","status":"publish","type":"page","link":"http:\/\/www.enmaddrilling.com\/index.php\/sondaj-hizmetleri\/","title":{"rendered":"Sondaj Hizmetleri"},"content":{"rendered":"<p>[vc_row row_text_color=&#8221;light&#8221; equal_height=&#8221;yes&#8221; content_placement=&#8221;middle&#8221;][vc_column width=&#8221;1\/2&#8243; css=&#8221;.vc_custom_1504849189477{padding-right: 5% !important;padding-left: 5% !important;}&#8221;]<div class=\"ult-spacer spacer-69ef4a93d4434\" data-id=\"69ef4a93d4434\" data-height=\"20\" data-height-mobile=\"20\" data-height-tab=\"20\" data-height-tab-portrait=\"\" data-height-mobile-landscape=\"\" style=\"clear:both;display:block;\"><\/div>[apress_heading sub_title=&#8221;&#8221; content_alignment=&#8221;left&#8221; enable_delimiter=&#8221;&#8221; color_scheme=&#8221;design_your_own&#8221; main_heading_color=&#8221;#333333&#8243; style=&#8221;heading_style2&#8243; title_font_options=&#8221;tag:h2|font_size:35|line_height:50|letter_spacing:1&#8243; subtitle_font_options=&#8221;tag:div&#8221;]ENMAD SONDAJ&#8217;IN SA\u011eLADI\u011eI SONDAJ H\u0130ZMETLER\u0130[\/apress_heading][vc_column_text css_animation=&#8221;fadeIn&#8221;]1. K\u00f6m\u00fcr ve Maden Sondajlar\u0131nda Jeolojik Dan\u0131\u015fmanl\u0131k<br \/>\n2. Teknik ve Lojistik Destek<br \/>\n3. Sondaj Hizmetleri<\/p>\n<ul>\n<li>K\u0131r\u0131nt\u0131l\u0131 ve Karotlu K\u00f6m\u00fcr Arama Sondajlar\u0131<\/li>\n<li>Karotlu Metalik Mineral ve End\u00fcstriyel Hammadde Arama Sondajlar\u0131<\/li>\n<li>Jeoteknik Ama\u00e7l\u0131 Sondajlar<\/li>\n<\/ul>\n<p><strong style=\"text-align: justify;\">Karotlu Sondaj Sistemleri<\/strong><\/p>\n<p style=\"text-align: justify; padding-left: 40px;\"><strong>Elmasl\u0131 Sondajlar<\/strong><br \/>\nHer \u00e7apta elmasl\u0131-karotlu sondajlar, \u00e7ift t\u00fcp, \u00fc\u00e7 t\u00fcp ve wire-line olarak yap\u0131l\u0131r. Enmad Sondaj\u0131n \u00e7e\u015fitli formasyonlarda, \u00f6zel sondaj \u00e7amuru kar\u0131\u015f\u0131mlar\u0131 ile +500 m\u2019yi a\u015fan derinliklerde elmasl\u0131 sondaj deneyimleri bulunmaktad\u0131r.<\/p>\n<p style=\"text-align: justify; padding-left: 40px;\"><strong>Karotlu ve K\u0131r\u0131nt\u0131l\u0131 Sondajlar<\/strong><br \/>\nEnmad Sondaj, (4 3\/4&#8243; ya da 5 1\/8&#8243;) ve HQ \u00e7apta rockbit ile k\u0131r\u0131nt\u0131l\u0131 k\u00f6m\u00fcr sondajlarda deneyimlidir.<\/p>\n<p>[\/vc_column_text]<div class=\"ult-spacer spacer-69ef4a93d4464\" data-id=\"69ef4a93d4464\" data-height=\"20\" data-height-mobile=\"20\" data-height-tab=\"20\" data-height-tab-portrait=\"\" data-height-mobile-landscape=\"\" style=\"clear:both;display:block;\"><\/div>[\/vc_column][vc_column width=&#8221;1\/2&#8243;]<div class=\"ult-spacer spacer-69ef4a93d447b\" data-id=\"69ef4a93d447b\" data-height=\"20\" data-height-mobile=\"20\" data-height-tab=\"20\" data-height-tab-portrait=\"\" data-height-mobile-landscape=\"\" style=\"clear:both;display:block;\"><\/div>[vc_single_image image=&#8221;796&#8243; img_size=&#8221;large&#8221; css_animation=&#8221;fadeIn&#8221;]<div class=\"ult-spacer spacer-69ef4a93d448f\" data-id=\"69ef4a93d448f\" data-height=\"20\" data-height-mobile=\"20\" data-height-tab=\"20\" data-height-tab-portrait=\"\" data-height-mobile-landscape=\"\" style=\"clear:both;display:block;\"><\/div>[\/vc_column][\/vc_row][vc_row row_text_color=&#8221;light&#8221; equal_height=&#8221;yes&#8221; content_placement=&#8221;middle&#8221;][vc_column css_animation=&#8221;fadeIn&#8221; width=&#8221;1\/2&#8243;]<div class=\"ult-spacer spacer-69ef4a93d44a2\" data-id=\"69ef4a93d44a2\" data-height=\"20\" data-height-mobile=\"20\" data-height-tab=\"20\" data-height-tab-portrait=\"\" data-height-mobile-landscape=\"\" style=\"clear:both;display:block;\"><\/div>[vc_single_image image=&#8221;818&#8243; img_size=&#8221;250&#215;444&#8243; alignment=&#8221;center&#8221; onclick=&#8221;img_link_large&#8221; css_animation=&#8221;fadeIn&#8221;]<div class=\"ult-spacer spacer-69ef4a93d44b3\" data-id=\"69ef4a93d44b3\" data-height=\"20\" data-height-mobile=\"20\" data-height-tab=\"20\" data-height-tab-portrait=\"\" data-height-mobile-landscape=\"\" style=\"clear:both;display:block;\"><\/div>[\/vc_column][vc_column width=&#8221;1\/2&#8243; css=&#8221;.vc_custom_1504849249493{padding-right: 5% !important;padding-left: 5% !important;}&#8221;]<div class=\"ult-spacer spacer-69ef4a93d44c1\" data-id=\"69ef4a93d44c1\" data-height=\"20\" data-height-mobile=\"20\" data-height-tab=\"20\" data-height-tab-portrait=\"\" data-height-mobile-landscape=\"\" style=\"clear:both;display:block;\"><\/div>[apress_heading sub_title=&#8221;&#8221; content_alignment=&#8221;left&#8221; enable_delimiter=&#8221;&#8221; color_scheme=&#8221;design_your_own&#8221; main_heading_color=&#8221;#333333&#8243; style=&#8221;heading_style2&#8243; title_font_options=&#8221;tag:h2|font_size:35|line_height:50|letter_spacing:1&#8243; subtitle_font_options=&#8221;tag:div&#8221;]<strong>Yapabildi\u011fimiz Sondaj \u00c7e\u015fitleri<\/strong>[\/apress_heading][vc_column_text css_animation=&#8221;fadeIn&#8221;]Enmad Sondaj maden arama ve jeoteknik sondajlar\u0131 konusunda hizmet verecek \u015fekilde donan\u0131m ve personele sahiptir. Paletli ve kamyona monteli sondaj makinalar\u0131 ile k\u0131r\u0131nt\u0131l\u0131 ve karotlu (k\u00f6m\u00fcrde) sondaj, elmasl\u0131 sondaj (maden) ve jeoteknik sondaj projelerine haz\u0131rd\u0131r.<\/p>\n<blockquote><p>\u2022 G\u00fcn\u00fcbirlik i\u015flerden aylar s\u00fcren projelere kadar cevher aramalar\u0131 (alt\u0131n, kur\u015fun, k\u00f6m\u00fcr, bak\u0131r) i\u00e7in ara\u015ft\u0131rma sondajlar\u0131 i\u00e7in 6 makinam\u0131z 7\/24 \u00e7al\u0131\u015fmaktad\u0131r.<\/p><\/blockquote>\n<p>[\/vc_column_text]<div class=\"ult-spacer spacer-69ef4a93d44cf\" data-id=\"69ef4a93d44cf\" data-height=\"20\" data-height-mobile=\"20\" data-height-tab=\"20\" data-height-tab-portrait=\"\" data-height-mobile-landscape=\"\" style=\"clear:both;display:block;\"><\/div>[\/vc_column][\/vc_row][vc_row][vc_column][vc_single_image image=&#8221;881&#8243; img_size=&#8221;600&#215;338&#8243; alignment=&#8221;center&#8221; style=&#8221;vc_box_rounded&#8221; onclick=&#8221;img_link_large&#8221; css_animation=&#8221;fadeIn&#8221;][vc_column_text]<strong>Sondaj Makinalar\u0131m\u0131z<\/strong><\/p>\n<p>Firmam\u0131z 7 adet sondaj makinas\u0131na sahiptir.<\/p>\n<ul>\n<li>2x ER-2000, Tam hidrolik elmasl\u0131 sondaj makinas\u0131, HQ ile 1400 NQ ile 2000 m delme kapasitesi. Ayr\u0131ca de\u011fi\u015fiklik yap\u0131larak 450 metreye kadar, 4 \u00bd\u201d RC delme kapasitesi.<\/li>\n<li>5x ER-1100, Tam hidrolik elmasl\u0131 sondaj makinas\u0131, HQ ile 700 NQ ile 1100 m delme kapasitesi. Ayr\u0131ca de\u011fi\u015fiklik yap\u0131larak 250 metreye kadar, 4 \u00bd\u201d RC delme kapasitesi.<\/li>\n<\/ul>\n<p>[\/vc_column_text][\/vc_column][\/vc_row][vc_row][vc_column width=&#8221;1\/2&#8243;][vc_column_text]<strong>ER-2000B<\/strong><\/p>\n<table width=\"552\">\n<tbody>\n<tr>\n<td colspan=\"4\" width=\"552\"><strong>Delme Derinli\u011fi Kapasitesi<\/strong><\/td>\n<\/tr>\n<tr>\n<td colspan=\"2\" width=\"293\"><strong>Tij Tipi<\/strong><\/td>\n<td colspan=\"2\" width=\"259\"><strong>Sondaj Derinli\u011fi (metre)<\/strong><\/p>\n<p>Delme Kapasitesi (m)<br \/>\n(Kuyunun S\u0131v\u0131 ile Dolu Oldu\u011fu Varsay\u0131lmaktad\u0131r)<\/td>\n<\/tr>\n<tr>\n<td colspan=\"2\">BQ<\/td>\n<td colspan=\"2\">2500<\/td>\n<\/tr>\n<tr>\n<td colspan=\"2\" width=\"293\">NQ<\/td>\n<td colspan=\"2\" width=\"259\">2000<\/td>\n<\/tr>\n<tr>\n<td colspan=\"2\">HQ<\/td>\n<td colspan=\"2\">1500<\/td>\n<\/tr>\n<tr>\n<td colspan=\"2\" width=\"293\">PQ<\/td>\n<td colspan=\"2\" width=\"259\">900<\/td>\n<\/tr>\n<\/tbody>\n<\/table>\n<p>[\/vc_column_text][\/vc_column][vc_column width=&#8221;1\/2&#8243;][vc_column_text]<strong>ER-1100B<\/strong><\/p>\n<table width=\"552\">\n<tbody>\n<tr>\n<td colspan=\"4\" width=\"552\"><strong>Delme Derinli\u011fi Kapasitesi<\/strong><\/td>\n<\/tr>\n<tr>\n<td colspan=\"2\" width=\"293\"><strong>Tij Tipi<\/strong><\/td>\n<td colspan=\"2\" width=\"259\"><strong>Sondaj Derinli\u011fi (metre)<\/strong><\/p>\n<p>Delme Kapasitesi (m)<br \/>\n(Kuyunun S\u0131v\u0131 ile Dolu Oldu\u011fu Varsay\u0131lmaktad\u0131r)<\/td>\n<\/tr>\n<tr>\n<td colspan=\"2\">BQ<\/td>\n<td colspan=\"2\">2000<\/td>\n<\/tr>\n<tr>\n<td colspan=\"2\" width=\"293\">NQ<\/td>\n<td colspan=\"2\" width=\"259\">1500<\/td>\n<\/tr>\n<tr>\n<td colspan=\"2\">HQ<\/td>\n<td colspan=\"2\">900<\/td>\n<\/tr>\n<tr>\n<td colspan=\"2\" width=\"293\">PQ<\/td>\n<td colspan=\"2\" width=\"259\">550<\/td>\n<\/tr>\n<\/tbody>\n<\/table>\n<p>[\/vc_column_text][\/vc_column][\/vc_row]<\/p>\n","protected":false},"excerpt":{"rendered":"<p>[vc_row row_text_color=&#8221;light&#8221; equal_height=&#8221;yes&#8221; content_placement=&#8221;middle&#8221;][vc_column width=&#8221;1\/2&#8243; css=&#8221;.vc_custom_1504849189477{padding-right: 5% !important;padding-left: 5% !important;}&#8221;][apress_heading sub_title=&#8221;&#8221; content_alignment=&#8221;left&#8221; enable_delimiter=&#8221;&#8221; color_scheme=&#8221;design_your_own&#8221; main_heading_color=&#8221;#333333&#8243; style=&#8221;heading_style2&#8243; title_font_options=&#8221;tag:h2|font_size:35|line_height:50|letter_spacing:1&#8243; subtitle_font_options=&#8221;tag:div&#8221;]ENMAD SONDAJ&#8217;IN SA\u011eLADI\u011eI SONDAJ H\u0130ZMETLER\u0130[\/apress_heading][vc_column_text css_animation=&#8221;fadeIn&#8221;]1. K\u00f6m\u00fcr ve Maden Sondajlar\u0131nda Jeolojik Dan\u0131\u015fmanl\u0131k 2. Teknik ve Lojistik Destek 3. Sondaj Hizmetleri K\u0131r\u0131nt\u0131l\u0131 ve Karotlu<span class=\"read_more_area\"><a class=\"read-more\" href=\"http:\/\/www.enmaddrilling.com\/index.php\/sondaj-hizmetleri\/\"> Continue Reading <\/a><\/span><\/p>\n","protected":false},"author":1,"featured_media":0,"parent":0,"menu_order":0,"comment_status":"closed","ping_status":"closed","template":"","meta":[],"aioseo_notices":[],"_links":{"self":[{"href":"http:\/\/www.enmaddrilling.com\/index.php\/wp-json\/wp\/v2\/pages\/640"}],"collection":[{"href":"http:\/\/www.enmaddrilling.com\/index.php\/wp-json\/wp\/v2\/pages"}],"about":[{"href":"http:\/\/www.enmaddrilling.com\/index.php\/wp-json\/wp\/v2\/types\/page"}],"author":[{"embeddable":true,"href":"http:\/\/www.enmaddrilling.com\/index.php\/wp-json\/wp\/v2\/users\/1"}],"replies":[{"embeddable":true,"href":"http:\/\/www.enmaddrilling.com\/index.php\/wp-json\/wp\/v2\/comments?post=640"}],"version-history":[{"count":22,"href":"http:\/\/www.enmaddrilling.com\/index.php\/wp-json\/wp\/v2\/pages\/640\/revisions"}],"predecessor-version":[{"id":1139,"href":"http:\/\/www.enmaddrilling.com\/index.php\/wp-json\/wp\/v2\/pages\/640\/revisions\/1139"}],"wp:attachment":[{"href":"http:\/\/www.enmaddrilling.com\/index.php\/wp-json\/wp\/v2\/media?parent=640"}],"curies":[{"name":"wp","href":"https:\/\/api.w.org\/{rel}","templated":true}]}}