{"id":606,"date":"2019-06-30T11:42:44","date_gmt":"2019-06-30T08:42:44","guid":{"rendered":"http:\/\/alfadestek.com\/enmad\/?page_id=606"},"modified":"2020-08-05T17:25:26","modified_gmt":"2020-08-05T14:25:26","slug":"katalog","status":"publish","type":"page","link":"http:\/\/www.enmaddrilling.com\/index.php\/katalog\/","title":{"rendered":"KATALOG"},"content":{"rendered":"<ul>\n<li><a href=\"http:\/\/enersonengineering.com\/wp-content\/uploads\/2019\/07\/Enmad_Tan\u0131\u0131t\u0131m.pdf\">Enmad Tan\u0131\u0131t\u0131m<\/a><\/li>\n<li><a href=\"http:\/\/www.enersonengineering.com\/wp-content\/uploads\/2019\/07\/ER-1100-CORE-DRILLING-RIG-SPECS.pdf\">ER-1100 CORE DRILLING RIG SPECS<\/a><\/li>\n<li><a href=\"http:\/\/enersonengineering.com\/wp-content\/uploads\/2019\/07\/ER-2000-CORE-DRILLING-RIG.pdf\">ER-2000 CORE DRILLING RIG<\/a><\/li>\n<li><a href=\"http:\/\/enersonengineering.com\/\/wp-content\/uploads\/2019\/07\/ER-2000-Core-Drilling-Rigs-Technical-Specs.pdf\">ER-2000 Core Drilling Rigs Technical Specs<\/a><\/li>\n<li><a href=\"http:\/\/enersonengineering.com\/wp-content\/uploads\/2019\/07\/ER-2000-Karotlu-Sondaj-Makinas\u0131-Teknik-\u00d6zellikleri.pdf\">ER-2000 Karotlu Sondaj Makinas\u0131 Teknik \u00d6zellikleri<\/a><\/li>\n<li><a href=\"http:\/\/enersonengineering.com\/wp-content\/uploads\/2019\/06\/Enerson-Sunumu.pdf\">Enerson Sunumu<\/a><\/li>\n<li><a href=\"https:\/\/alfatasarim.net\/enerson\/wp-content\/uploads\/2019\/07\/Enerson-Presentation_2018.pdf\">Enerson Presentation 2018<\/a><\/li>\n<li><a href=\"http:\/\/enersonengineering.com\/wp-content\/uploads\/2019\/07\/Enerson_Wireline_Services_Presentation.pdf\">Enerson Wireline Services Presentation<\/a><\/li>\n<li><a href=\"http:\/\/enersonengineering.com\/wp-content\/uploads\/2019\/07\/Enmad_Presentation_2018.pdf\">Enmad Presentation 2018<\/a><\/li>\n<\/ul>\n","protected":false},"excerpt":{"rendered":"<p>Enmad Tan\u0131\u0131t\u0131m ER-1100 CORE DRILLING RIG SPECS ER-2000 CORE DRILLING RIG ER-2000 Core Drilling Rigs Technical Specs ER-2000 Karotlu Sondaj Makinas\u0131 Teknik \u00d6zellikleri Enerson Sunumu Enerson Presentation 2018 Enerson Wireline Services Presentation Enmad Presentation 2018<\/p>\n","protected":false},"author":1,"featured_media":0,"parent":0,"menu_order":0,"comment_status":"closed","ping_status":"closed","template":"","meta":[],"aioseo_notices":[],"_links":{"self":[{"href":"http:\/\/www.enmaddrilling.com\/index.php\/wp-json\/wp\/v2\/pages\/606"}],"collection":[{"href":"http:\/\/www.enmaddrilling.com\/index.php\/wp-json\/wp\/v2\/pages"}],"about":[{"href":"http:\/\/www.enmaddrilling.com\/index.php\/wp-json\/wp\/v2\/types\/page"}],"author":[{"embeddable":true,"href":"http:\/\/www.enmaddrilling.com\/index.php\/wp-json\/wp\/v2\/users\/1"}],"replies":[{"embeddable":true,"href":"http:\/\/www.enmaddrilling.com\/index.php\/wp-json\/wp\/v2\/comments?post=606"}],"version-history":[{"count":5,"href":"http:\/\/www.enmaddrilling.com\/index.php\/wp-json\/wp\/v2\/pages\/606\/revisions"}],"predecessor-version":[{"id":1112,"href":"http:\/\/www.enmaddrilling.com\/index.php\/wp-json\/wp\/v2\/pages\/606\/revisions\/1112"}],"wp:attachment":[{"href":"http:\/\/www.enmaddrilling.com\/index.php\/wp-json\/wp\/v2\/media?parent=606"}],"curies":[{"name":"wp","href":"https:\/\/api.w.org\/{rel}","templated":true}]}}