{"id":566,"date":"2019-05-02T13:52:21","date_gmt":"2019-05-02T10:52:21","guid":{"rendered":"http:\/\/alfadestek.com\/enmad\/?page_id=566"},"modified":"2020-05-30T19:03:29","modified_gmt":"2020-05-30T16:03:29","slug":"hizmetlerimiz","status":"publish","type":"page","link":"http:\/\/www.enmaddrilling.com\/index.php\/hizmetlerimiz\/","title":{"rendered":"H\u0130ZMETLER\u0130M\u0130Z"},"content":{"rendered":"<p><strong>Enmad Sondaj a\u015fa\u011f\u0131daki hizmetleri sa\u011flar;<br \/>\n<\/strong><\/p>\n<ul>\n<li>KAROTLU MADEN SONDAJLARI<\/li>\n<li>TERS DOLA\u015eIMLI (RC) MADEN SONDAJI<\/li>\n<li>JEOTEKN\u0130K SONDAJ H\u0130ZMETLER\u0130<\/li>\n<li>KUYU \u0130\u00c7\u0130 E\u011e\u0130M &#8211; Y\u00d6N \u00d6L\u00c7\u00dcMLER\u0130<\/li>\n<li>JEOTERMAL KUYU TAMAMLAMA TESTLER\u0130<\/li>\n<li>LOJ\u0130ST\u0130K DESTEK<\/li>\n<\/ul>\n<p><strong>GENEL BAKI\u015e<\/strong><\/p>\n<p style=\"text-align: justify;\">Enmad Sondaj maden arama ve jeoteknik sondajlar\u0131 konusunda hizmet verecek \u015fekilde donan\u0131m ve personele sahiptir. K\u0131zakl\u0131, paletli ve kamyona monteli sondaj makinalar\u0131 ile k\u0131r\u0131nt\u0131l\u0131 ve karotlu (k\u00f6m\u00fcrde) sondaj, elmasl\u0131 sondaj (maden) ve jeoteknik sondaj projelerine haz\u0131rd\u0131r.<\/p>\n<p style=\"text-align: justify;\">G\u00fcn\u00fcbirlik i\u015flerden aylar s\u00fcren projelere kadar cevher aramalar\u0131 (alt\u0131n, kur\u015fun, k\u00f6m\u00fcr, bak\u0131r) i\u00e7in ara\u015ft\u0131rma sondajlar\u0131 i\u00e7in 4 kulemiz 7\/24 \u00e7al\u0131\u015fmaktad\u0131r.<\/p>\n<p style=\"text-align: justify;\">Enmad\u2019\u0131n saha personelinin \u00f6nceki deneyimleri (T\u00fcrkiye\u2019deki alt\u0131n ve k\u00f6m\u00fcr madenleri) ile projenizde olabilecek her t\u00fcrl\u00fc sondaj sorununa g\u00fcvenli ve etkin \u00e7\u00f6z\u00fcmler \u00fcreten, en y\u00fcksek verimlilik ve kaliteli \u00e7al\u0131\u015fma \u015fekli ile projelerinizi ger\u00e7ekle\u015ftirir.<\/p>\n<p><strong>\u00c7ALI\u015eANLARIMIZ<\/strong><\/p>\n<p style=\"text-align: justify;\">Sondaj ekiplerimiz, alan\u0131nda uzman, uzun y\u0131larla dayanan deneyimleri olan teknik elemanlar\u0131 i\u00e7ermektedir. Sondaj ekiplerimiz, en y\u00fcksek verimlilikte ve en g\u00fcvenli \u015fekilde sondaj projelerinizi ger\u00e7ekle\u015ftirecek \u015fekilde en y\u00fcksek standartlarda e\u011fitim alm\u0131\u015flard\u0131r.<\/p>\n<p style=\"text-align: justify;\">Enmad Sondaj\u0131n her \u00fcyesi -Arazi Ekibi ve Y\u00f6netim Kadrosu- elmas u\u00e7lu karotlu sondajda 10 y\u0131l\u0131 a\u015fk\u0131n tecr\u00fcbesi bulunmaktad\u0131r. M\u00fc\u015fterilerimizle aram\u0131zda y\u00fcksek kaliteli hizmetimiz ile her zaman kar\u015f\u0131l\u0131kl\u0131 g\u00fcvene dayanan ili\u015fkimiz bulunmaktad\u0131r.<\/p>\n<p>Enmad her bir \u00e7al\u0131\u015fan\u0131n\u0131n s\u00fcrekli e\u011fitim ile \u015firket y\u00f6ntemlerini ve felsefesini benimsedi\u011finden emin olur.<\/p>\n<p style=\"text-align: justify;\">B\u00fct\u00fcn Enmad personeli; ge\u00e7mi\u015fi, kapasitesi, h\u0131rs\u0131, profesyonel ge\u00e7mi\u015fi, g\u00fcvenirli\u011fi ve \u015firkete olan ba\u011fl\u0131l\u0131\u011f\u0131 ile se\u00e7ilmi\u015ftir. Her bir \u00e7al\u0131\u015fan\u0131m\u0131z kendi potansiyelini ke\u015ffetmesi i\u00e7in te\u015fvik edilir.<\/p>\n","protected":false},"excerpt":{"rendered":"<p>Enmad Sondaj a\u015fa\u011f\u0131daki hizmetleri sa\u011flar; KAROTLU MADEN SONDAJLARI TERS DOLA\u015eIMLI (RC) MADEN SONDAJI JEOTEKN\u0130K SONDAJ H\u0130ZMETLER\u0130 KUYU \u0130\u00c7\u0130 E\u011e\u0130M &#8211; Y\u00d6N \u00d6L\u00c7\u00dcMLER\u0130 JEOTERMAL KUYU TAMAMLAMA TESTLER\u0130 LOJ\u0130ST\u0130K DESTEK GENEL BAKI\u015e Enmad Sondaj maden arama ve jeoteknik sondajlar\u0131 konusunda hizmet verecek<span class=\"read_more_area\"><a class=\"read-more\" href=\"http:\/\/www.enmaddrilling.com\/index.php\/hizmetlerimiz\/\"> Continue Reading <\/a><\/span><\/p>\n","protected":false},"author":1,"featured_media":0,"parent":0,"menu_order":0,"comment_status":"closed","ping_status":"closed","template":"","meta":[],"aioseo_notices":[],"_links":{"self":[{"href":"http:\/\/www.enmaddrilling.com\/index.php\/wp-json\/wp\/v2\/pages\/566"}],"collection":[{"href":"http:\/\/www.enmaddrilling.com\/index.php\/wp-json\/wp\/v2\/pages"}],"about":[{"href":"http:\/\/www.enmaddrilling.com\/index.php\/wp-json\/wp\/v2\/types\/page"}],"author":[{"embeddable":true,"href":"http:\/\/www.enmaddrilling.com\/index.php\/wp-json\/wp\/v2\/users\/1"}],"replies":[{"embeddable":true,"href":"http:\/\/www.enmaddrilling.com\/index.php\/wp-json\/wp\/v2\/comments?post=566"}],"version-history":[{"count":3,"href":"http:\/\/www.enmaddrilling.com\/index.php\/wp-json\/wp\/v2\/pages\/566\/revisions"}],"predecessor-version":[{"id":967,"href":"http:\/\/www.enmaddrilling.com\/index.php\/wp-json\/wp\/v2\/pages\/566\/revisions\/967"}],"wp:attachment":[{"href":"http:\/\/www.enmaddrilling.com\/index.php\/wp-json\/wp\/v2\/media?parent=566"}],"curies":[{"name":"wp","href":"https:\/\/api.w.org\/{rel}","templated":true}]}}