{"id":549,"date":"2019-05-02T13:48:25","date_gmt":"2019-05-02T10:48:25","guid":{"rendered":"http:\/\/alfadestek.com\/enmad\/?page_id=549"},"modified":"2020-02-26T17:03:26","modified_gmt":"2020-02-26T14:03:26","slug":"toplumsal-sorumluluk","status":"publish","type":"page","link":"http:\/\/www.enmaddrilling.com\/index.php\/toplumsal-sorumluluk\/","title":{"rendered":"Toplumsal Sorumluluk"},"content":{"rendered":"<p>[vc_row][vc_column]<div class=\"ult-spacer spacer-69f1ca1eccd10\" data-id=\"69f1ca1eccd10\" data-height=\"10\" data-height-mobile=\"10\" data-height-tab=\"10\" data-height-tab-portrait=\"\" data-height-mobile-landscape=\"\" style=\"clear:both;display:block;\"><\/div>[vc_single_image image=&#8221;850&#8243; img_size=&#8221;500&#215;246&#8243; alignment=&#8221;center&#8221; style=&#8221;vc_box_rounded&#8221; onclick=&#8221;img_link_large&#8221; css_animation=&#8221;fadeIn&#8221;][vc_column_text]<\/p>\n<p style=\"text-align: justify;\"><strong>Enmad Sondaj<\/strong>\u00a0\u00e7al\u0131\u015ft\u0131\u011f\u0131 yerde, yerel halk ile iyi ili\u015fkiler kurman\u0131n ve bunu koruman\u0131n i\u015fin ba\u015far\u0131ya ula\u015fmas\u0131 i\u00e7in \u00e7ok \u00f6nemli oldu\u011funu bilmektedir. K\u00fc\u00e7\u00fck yerle\u015fim yerlerinde ya\u015fayan halk, \u00a0sondaj \u015firketinin \u00e7al\u0131\u015fanlar\u0131 ile maden \u015firketinin \u00e7al\u0131\u015fanlar\u0131n\u0131 birbirinden ay\u0131rmaz \u2013 onlar\u0131n g\u00f6z\u00fcnde hepimiz ayn\u0131y\u0131zd\u0131r. Bu y\u00fczden, onlar\u0131n bir misafiri olarak davran\u0131\u015f \u015feklimiz sayg\u0131l\u0131, yard\u0131msever ve yerinde olmaktad\u0131r. Bunu \u00e7evre temizli\u011fine verdi\u011fimiz \u00f6nem, benzin istasyonunda, otelde ya da sanayide g\u00f6sterdi\u011fimiz nazik davran\u0131\u015f\u0131m\u0131zla ger\u00e7ekle\u015ftiririz. Ara\u00e7 kullan\u0131rken dikkatli ve yava\u015f olmak, toz kald\u0131rmamak, ekili tarlalara, a\u011fa\u00e7lara, \u00e7itlere zarar vermemek gibi t\u00fcm davran\u0131\u015flar\u0131m\u0131z, yerel halk\u0131n g\u00fcvenini ve dostlu\u011funu kazanmam\u0131za yard\u0131mc\u0131 olur. Bu ise m\u00fc\u015fterilerimizin yerel halk taraf\u0131ndan sevilmesine ve g\u00fcvenilmesine katk\u0131 sa\u011flar.<\/p>\n<p>[\/vc_column_text][\/vc_column][\/vc_row]<\/p>\n","protected":false},"excerpt":{"rendered":"<p>[vc_row][vc_column][vc_single_image image=&#8221;850&#8243; img_size=&#8221;500&#215;246&#8243; alignment=&#8221;center&#8221; style=&#8221;vc_box_rounded&#8221; onclick=&#8221;img_link_large&#8221; css_animation=&#8221;fadeIn&#8221;][vc_column_text] Enmad Sondaj\u00a0\u00e7al\u0131\u015ft\u0131\u011f\u0131 yerde, yerel halk ile iyi ili\u015fkiler kurman\u0131n ve bunu koruman\u0131n i\u015fin ba\u015far\u0131ya ula\u015fmas\u0131 i\u00e7in \u00e7ok \u00f6nemli oldu\u011funu bilmektedir. K\u00fc\u00e7\u00fck yerle\u015fim yerlerinde ya\u015fayan halk, \u00a0sondaj \u015firketinin \u00e7al\u0131\u015fanlar\u0131 ile maden \u015firketinin \u00e7al\u0131\u015fanlar\u0131n\u0131 birbirinden<span class=\"read_more_area\"><a class=\"read-more\" href=\"http:\/\/www.enmaddrilling.com\/index.php\/toplumsal-sorumluluk\/\"> Continue Reading <\/a><\/span><\/p>\n","protected":false},"author":1,"featured_media":0,"parent":0,"menu_order":0,"comment_status":"closed","ping_status":"closed","template":"","meta":[],"aioseo_notices":[],"_links":{"self":[{"href":"http:\/\/www.enmaddrilling.com\/index.php\/wp-json\/wp\/v2\/pages\/549"}],"collection":[{"href":"http:\/\/www.enmaddrilling.com\/index.php\/wp-json\/wp\/v2\/pages"}],"about":[{"href":"http:\/\/www.enmaddrilling.com\/index.php\/wp-json\/wp\/v2\/types\/page"}],"author":[{"embeddable":true,"href":"http:\/\/www.enmaddrilling.com\/index.php\/wp-json\/wp\/v2\/users\/1"}],"replies":[{"embeddable":true,"href":"http:\/\/www.enmaddrilling.com\/index.php\/wp-json\/wp\/v2\/comments?post=549"}],"version-history":[{"count":5,"href":"http:\/\/www.enmaddrilling.com\/index.php\/wp-json\/wp\/v2\/pages\/549\/revisions"}],"predecessor-version":[{"id":854,"href":"http:\/\/www.enmaddrilling.com\/index.php\/wp-json\/wp\/v2\/pages\/549\/revisions\/854"}],"wp:attachment":[{"href":"http:\/\/www.enmaddrilling.com\/index.php\/wp-json\/wp\/v2\/media?parent=549"}],"curies":[{"name":"wp","href":"https:\/\/api.w.org\/{rel}","templated":true}]}}