{"id":1059,"date":"2020-07-29T12:01:21","date_gmt":"2020-07-29T09:01:21","guid":{"rendered":"https:\/\/alfatasarim.net\/enmad\/?page_id=1059"},"modified":"2022-02-27T16:08:46","modified_gmt":"2022-02-27T13:08:46","slug":"sondaj-makina-uretim","status":"publish","type":"page","link":"http:\/\/www.enmaddrilling.com\/index.php\/sondaj-makina-uretim\/","title":{"rendered":"Makina \u00dcretim"},"content":{"rendered":"<p>[vc_row][vc_column][vc_column_text]<\/p>\n<p align=\"justify\">M\u00fc\u015fterilerimiz i\u00e7in y\u00fcksek kaliteli maden sondaj makineleri \u00fcretiyoruz. Bu makineler \u00fcretim birimimizde y\u00fcksek kaliteli malzemeler kullan\u0131larak \u00fcretilmektedir. M\u00fc\u015fteriler, makinelerimizin farkl\u0131 \u00e7al\u0131\u015fma ve g\u00fc\u00e7 kapasitelerini ihtiya\u00e7lar\u0131na g\u00f6re de\u011fi\u015ftirmektedir. Kusursuz bir hizmet sa\u011flamak i\u00e7in, bu makineler belirli kalite parametreleri \u00fczerinde kontrol edilir. \u00dcretimini yapt\u0131\u011f\u0131m\u0131z sondaj makinelerimizi uygun bir maliyetle m\u00fc\u015fterilerimize sunuyoruz.<\/p>\n<p>\u00d6zellikler:<\/p>\n<p>Uzun servis \u00f6mr\u00fc<br \/>\nKolay operasyonlar<br \/>\nY\u00fcksek performans[\/vc_column_text][\/vc_column][\/vc_row][vc_row][vc_column width=&#8221;1\/2&#8243;][vc_single_image image=&#8221;893&#8243; img_size=&#8221;300&#215;456&#8243; alignment=&#8221;center&#8221; style=&#8221;vc_box_rounded&#8221; onclick=&#8221;img_link_large&#8221; css_animation=&#8221;fadeIn&#8221;][vc_column_text]<\/p>\n<p style=\"text-align: center;\"><strong><a href=\"http:\/\/www.enmaddrilling.com\/index.php\/er-1100b-2\/\">ER-1100B KAROTLU SONDAJ MAK\u0130NES\u0130<\/a><\/strong><\/p>\n<p>[\/vc_column_text][\/vc_column][vc_column width=&#8221;1\/2&#8243;][vc_single_image image=&#8221;893&#8243; img_size=&#8221;300&#215;456&#8243; alignment=&#8221;center&#8221; style=&#8221;vc_box_rounded&#8221; onclick=&#8221;img_link_large&#8221; css_animation=&#8221;fadeIn&#8221;][vc_column_text]<\/p>\n<p style=\"text-align: center;\"><a href=\"http:\/\/www.enmaddrilling.com\/index.php\/er-2000b\/\"><strong>ER-2000B KAROTLU SONDAJ MAK\u0130NES\u0130<\/strong><\/a><\/p>\n<p>[\/vc_column_text][\/vc_column][\/vc_row]<\/p>\n","protected":false},"excerpt":{"rendered":"<p>[vc_row][vc_column][vc_column_text] M\u00fc\u015fterilerimiz i\u00e7in y\u00fcksek kaliteli maden sondaj makineleri \u00fcretiyoruz. Bu makineler \u00fcretim birimimizde y\u00fcksek kaliteli malzemeler kullan\u0131larak \u00fcretilmektedir. M\u00fc\u015fteriler, makinelerimizin farkl\u0131 \u00e7al\u0131\u015fma ve g\u00fc\u00e7 kapasitelerini ihtiya\u00e7lar\u0131na g\u00f6re de\u011fi\u015ftirmektedir. Kusursuz bir hizmet sa\u011flamak i\u00e7in, bu makineler belirli kalite parametreleri \u00fczerinde kontrol<span class=\"read_more_area\"><a class=\"read-more\" href=\"http:\/\/www.enmaddrilling.com\/index.php\/sondaj-makina-uretim\/\"> Continue Reading <\/a><\/span><\/p>\n","protected":false},"author":1,"featured_media":0,"parent":0,"menu_order":0,"comment_status":"closed","ping_status":"closed","template":"","meta":[],"aioseo_notices":[],"_links":{"self":[{"href":"http:\/\/www.enmaddrilling.com\/index.php\/wp-json\/wp\/v2\/pages\/1059"}],"collection":[{"href":"http:\/\/www.enmaddrilling.com\/index.php\/wp-json\/wp\/v2\/pages"}],"about":[{"href":"http:\/\/www.enmaddrilling.com\/index.php\/wp-json\/wp\/v2\/types\/page"}],"author":[{"embeddable":true,"href":"http:\/\/www.enmaddrilling.com\/index.php\/wp-json\/wp\/v2\/users\/1"}],"replies":[{"embeddable":true,"href":"http:\/\/www.enmaddrilling.com\/index.php\/wp-json\/wp\/v2\/comments?post=1059"}],"version-history":[{"count":5,"href":"http:\/\/www.enmaddrilling.com\/index.php\/wp-json\/wp\/v2\/pages\/1059\/revisions"}],"predecessor-version":[{"id":1143,"href":"http:\/\/www.enmaddrilling.com\/index.php\/wp-json\/wp\/v2\/pages\/1059\/revisions\/1143"}],"wp:attachment":[{"href":"http:\/\/www.enmaddrilling.com\/index.php\/wp-json\/wp\/v2\/media?parent=1059"}],"curies":[{"name":"wp","href":"https:\/\/api.w.org\/{rel}","templated":true}]}}