{"id":1027,"date":"2020-07-29T15:05:38","date_gmt":"2020-07-29T12:05:38","guid":{"rendered":"https:\/\/alfatasarim.net\/enmad\/?page_id=1027"},"modified":"2020-08-05T16:13:25","modified_gmt":"2020-08-05T13:13:25","slug":"references","status":"publish","type":"page","link":"http:\/\/www.enmaddrilling.com\/index.php\/en\/references\/","title":{"rendered":"REFERENCES"},"content":{"rendered":"<p>[vc_row][vc_column][vc_column_text]<\/p>\n<ul>\n<li>Gasterm Mining &#8211; 2019, Polatl\u0131 Tenardite Exploration Drilling, 10500 m.<\/li>\n<li>FLK Mining &#8211; 2109, Akdag &#8211; Yozgat Metallic Minerals Exploration Drilling, 15000 m.<\/li>\n<li>Mandem Mining &#8211; 2019, Hekimhan- Malatya Iron Drilling, 1500 m.<\/li>\n<li>Ermaden -2019, Malatya-Sivas Iron Drilling, 21500 m.<\/li>\n<li>Ermaden -2019, Ere\u011fli-Zonguldak Hard Coal Drillings, 25000 m.<\/li>\n<li>Punjap Mineral Company (PMC) -2018, Magnetite Exploration Drills, 25.000 m.<\/li>\n<li>Turkey Petroleum International (TPIC) -2018, Soma Gold Exploration Drilling, 20,000 m.<\/li>\n<li>MTA &#8211; 2018 Avanos Uranium Exploration Drilling General Directorate, 16.000 m.<\/li>\n<li>MTA \u20132017-2018 Polatl\u0131 Salt Exploration Drilling Directorate, 20.000 m.<\/li>\n<li>MTA \u20132017 Ordu-Giresun Gold Exploration Drilling General Directorate, 20.000m.<\/li>\n<li>MTA \u20132016 G\u00fcm\u00fc\u015fhane Gold Exploration Drilling Directorate, 5.000m.<\/li>\n<li>MTA \u20132016 Maras-Elbistan Deep Geotechnical Drilling General Directorate, 5.000 m.<\/li>\n<li>MTA \u20132016 Avanos Uranium Exploration Drilling General Directorate, 15.000 m.<\/li>\n<li>MTA \u20132015 Mu\u015f Lignite Exploration Drilling General Directorate, 25.000 m.<\/li>\n<li>TK\u0130 &#8211; 2014 Mu\u015f Lignite Exploration Drilling Directorate, 5000 m.<\/li>\n<li>MTA \u20132014 Mu\u015f Lignite Exploration Drilling General Directorate, 5000 m.<\/li>\n<li>MTA \u20132013 Ni\u011fde Metallic Mineral Exploration Drilling Directorate, 6500 m.<\/li>\n<li>MTA \u20132013 Istanbul-Tekiredag \u200b\u200bLignite Exploration Drilling General Directorate, 6000 m.<\/li>\n<li>MTA \u20132012 \u00c7orum-O\u011fuzlar Metallic Mineral Exploration Drilling Directorate, 8000 m.<\/li>\n<li>MTA \u20132012 Eski\u015fehir-Merkez-\u00c7ifteler Lignite Exploration Drilling Directorate, 6000 m.<\/li>\n<li>MTA \u20132011 \u00c7orum-O\u011fuzlar Metallic Mineral Exploration Drilling Directorate, 2500 m.<\/li>\n<li>Ayen Energy Inc. &#8211; 2011, Geothermal Exploration Drilling, 800 m.<\/li>\n<li>SMS Mining Inc. &#8211; 2011, Chrome Exploration Drills, 2500 m.<\/li>\n<li>Cemre Construction Inc. &#8211; 2010, Lignite Exploration Drillings, 1500 m.<\/li>\n<li>Troya Engineering Co.Ltd. &#8211; 2010, Geothermal Exploration Drilling, 3500 m.<\/li>\n<li>Stonex Mining Inc. &#8211; 2009, Metallic Minerals Exploration Drillings, 6000 m.<\/li>\n<li>G&amp;M Engineering &#8211; 2008, Metallic Mineral Exploration Drillings, 3000 m.<\/li>\n<li>G&amp;M Engineering &#8211; 2008 Lignite Exploration Drillings, 2000 m.<\/li>\n<li>Akdeniz Mining Group (MMG) \u20132008, Metallic Mineral Exploration Drillings, 2500 m.<\/li>\n<li>Jindal Stainless Inc. &#8211; 2008, Chrome Exploration Drills, 2500 m.<\/li>\n<li>Vatan Madencilik Inc. &#8211; 2008, Metallic Mineral Exploration Drillings, 1500 m.<\/li>\n<li>Adularya Energy and Mining Inc. \u20132008, Lignite Exploration Drillings, 3000 m.<\/li>\n<\/ul>\n<p>[\/vc_column_text][\/vc_column][\/vc_row]<\/p>\n","protected":false},"excerpt":{"rendered":"<p>[vc_row][vc_column][vc_column_text] Gasterm Mining &#8211; 2019, Polatl\u0131 Tenardite Exploration Drilling, 10500 m. FLK Mining &#8211; 2109, Akdag &#8211; Yozgat Metallic Minerals Exploration Drilling, 15000 m. Mandem Mining &#8211; 2019, Hekimhan- Malatya Iron Drilling, 1500 m. Ermaden -2019, Malatya-Sivas Iron Drilling, 21500<span class=\"read_more_area\"><a class=\"read-more\" href=\"http:\/\/www.enmaddrilling.com\/index.php\/en\/references\/\"> Continue Reading <\/a><\/span><\/p>\n","protected":false},"author":1,"featured_media":0,"parent":0,"menu_order":0,"comment_status":"closed","ping_status":"closed","template":"","meta":[],"aioseo_notices":[],"_links":{"self":[{"href":"http:\/\/www.enmaddrilling.com\/index.php\/wp-json\/wp\/v2\/pages\/1027"}],"collection":[{"href":"http:\/\/www.enmaddrilling.com\/index.php\/wp-json\/wp\/v2\/pages"}],"about":[{"href":"http:\/\/www.enmaddrilling.com\/index.php\/wp-json\/wp\/v2\/types\/page"}],"author":[{"embeddable":true,"href":"http:\/\/www.enmaddrilling.com\/index.php\/wp-json\/wp\/v2\/users\/1"}],"replies":[{"embeddable":true,"href":"http:\/\/www.enmaddrilling.com\/index.php\/wp-json\/wp\/v2\/comments?post=1027"}],"version-history":[{"count":1,"href":"http:\/\/www.enmaddrilling.com\/index.php\/wp-json\/wp\/v2\/pages\/1027\/revisions"}],"predecessor-version":[{"id":1066,"href":"http:\/\/www.enmaddrilling.com\/index.php\/wp-json\/wp\/v2\/pages\/1027\/revisions\/1066"}],"wp:attachment":[{"href":"http:\/\/www.enmaddrilling.com\/index.php\/wp-json\/wp\/v2\/media?parent=1027"}],"curies":[{"name":"wp","href":"https:\/\/api.w.org\/{rel}","templated":true}]}}