{"id":1024,"date":"2020-07-28T12:58:17","date_gmt":"2020-07-28T09:58:17","guid":{"rendered":"https:\/\/alfatasarim.net\/enmad\/?page_id=1024"},"modified":"2020-08-05T16:11:52","modified_gmt":"2020-08-05T13:11:52","slug":"er-1100b","status":"publish","type":"page","link":"http:\/\/www.enmaddrilling.com\/index.php\/en\/er-1100b\/","title":{"rendered":"ER-1100B"},"content":{"rendered":"<p>[vc_row][vc_column]<div class=\"ult-spacer spacer-69f1e2d412bc4\" data-id=\"69f1e2d412bc4\" data-height=\"10\" data-height-mobile=\"10\" data-height-tab=\"10\" data-height-tab-portrait=\"\" data-height-mobile-landscape=\"\" style=\"clear:both;display:block;\"><\/div>[vc_column_text]<\/p>\n<h3 style=\"text-align: center;\">ER-1100B CORE DRILLING MACHINE<\/h3>\n<h3><\/h3>\n<p>[\/vc_column_text][\/vc_column][\/vc_row][vc_row][vc_column width=&#8221;2\/5&#8243;][vc_column_text]<\/p>\n<h5 style=\"text-align: center;\">TECHNICIAL SPECIFICATIONS<\/h5>\n<p>[\/vc_column_text][vc_toggle title=&#8221;Drilling Capacity&#8221; style=&#8221;rounded&#8221; size=&#8221;sm&#8221;]<\/p>\n<table width=\"594\">\n<tbody>\n<tr>\n<td width=\"315\">Drill Rod<\/td>\n<td colspan=\"2\" width=\"279\">Drilling Depth, meters<\/p>\n<p>Based on fluid filled hole conditions<\/td>\n<\/tr>\n<tr>\n<td width=\"315\">BQ<\/td>\n<td colspan=\"2\" width=\"279\">1400<\/td>\n<\/tr>\n<tr>\n<td width=\"315\">NQ<\/td>\n<td colspan=\"2\" width=\"279\">1100<\/td>\n<\/tr>\n<tr>\n<td width=\"315\">HQ<\/td>\n<td colspan=\"2\" width=\"279\">725<\/td>\n<\/tr>\n<tr>\n<td width=\"315\">PQ<\/td>\n<td colspan=\"2\" width=\"279\">480<\/td>\n<\/tr>\n<\/tbody>\n<\/table>\n<p>[\/vc_toggle][vc_toggle title=&#8221;Engine (Prime Mover)&#8221; style=&#8221;rounded&#8221; size=&#8221;sm&#8221;]<\/p>\n<table width=\"594\">\n<tbody>\n<tr>\n<td width=\"315\">Engine (Prime Mover)<\/td>\n<td colspan=\"2\" width=\"279\">Iveco N67MNTF41, 6 cylinder, turbo charged, after<br \/>\ncooled diesel engine<\/td>\n<\/tr>\n<tr>\n<td width=\"315\">Displacement<\/td>\n<td colspan=\"2\" width=\"279\">6.7 L<\/td>\n<\/tr>\n<tr>\n<td width=\"315\">Power (maximum) at 2,200 RPM<\/td>\n<td colspan=\"2\" width=\"279\">285 hp<\/td>\n<\/tr>\n<\/tbody>\n<\/table>\n<p>[\/vc_toggle][vc_toggle title=&#8221;PQ Drill Head &#8211; Hollow Spindle&#8221; style=&#8221;rounded&#8221; size=&#8221;sm&#8221;]<\/p>\n<table width=\"594\">\n<tbody>\n<tr>\n<td width=\"315\">Maximum Rod Diameter<\/td>\n<td colspan=\"2\" width=\"279\">127 mm<\/td>\n<\/tr>\n<tr>\n<td width=\"315\">Rotation Motor<\/td>\n<td colspan=\"2\" width=\"279\">Rexroth A6VM107HD2 hydraulic motor &#8211;<br \/>\nvariable\/reversible<\/td>\n<\/tr>\n<tr>\n<td width=\"315\"><\/td>\n<td colspan=\"2\" width=\"279\">4 h\u0131zl\u0131 \u015fanzuman<\/td>\n<\/tr>\n<tr>\n<td width=\"315\"><\/td>\n<td width=\"160\">1.<\/td>\n<td width=\"119\">6.27:1<\/td>\n<\/tr>\n<tr>\n<td width=\"315\">Mechanical Transmission Ratios<\/td>\n<td width=\"160\">2.<\/td>\n<td width=\"119\">3.12:1<\/td>\n<\/tr>\n<tr>\n<td width=\"315\"><\/td>\n<td width=\"160\">3.<\/td>\n<td width=\"119\">1.75:1<\/td>\n<\/tr>\n<tr>\n<td width=\"315\"><\/td>\n<td width=\"160\">4.<\/td>\n<td width=\"119\">1.00:1<\/td>\n<\/tr>\n<tr>\n<td width=\"315\">Final Drive Ratio<\/td>\n<td colspan=\"2\" width=\"279\">Straight Cut Gears 2:1<\/td>\n<\/tr>\n<tr>\n<td width=\"315\">Head Opener<\/td>\n<td colspan=\"2\" width=\"279\">Side sliding style \u2014 Hydraulic Operation<\/td>\n<\/tr>\n<tr>\n<td width=\"315\">Hydraulic PQ Chuck<\/td>\n<td colspan=\"2\" width=\"279\">Nitro-Chuck-Hydraulically opened, nitrogen gas<br \/>\nspring closed.<br \/>\nAxial holding capacity of 222000 N<\/td>\n<\/tr>\n<tr>\n<td width=\"315\">Drill Head Lubrication<\/td>\n<td colspan=\"2\" width=\"279\">Force fed bearings &#8211; Hydraulicly driven<\/td>\n<\/tr>\n<tr>\n<td width=\"315\">\n<table>\n<tbody>\n<tr>\n<td width=\"328\">Drill Head Lubrication Oil Filtration<\/td>\n<\/tr>\n<\/tbody>\n<\/table>\n<\/td>\n<td colspan=\"2\" width=\"279\">\n<table>\n<tbody>\n<tr>\n<td width=\"290\">25 Micron high pressure oil filter<\/td>\n<\/tr>\n<\/tbody>\n<\/table>\n<\/td>\n<\/tr>\n<\/tbody>\n<\/table>\n<p>[\/vc_toggle][vc_toggle title=&#8221;Torque And RPM Ratings &#8211; PQ Head&#8221; style=&#8221;rounded&#8221; size=&#8221;sm&#8221;]<\/p>\n<table width=\"594\">\n<tbody>\n<tr>\n<td colspan=\"3\" width=\"594\">\n<table>\n<tbody>\n<tr>\n<td width=\"618\">(Hydraulic motor at maximum\/minimum displacement, prime mover at 2,200 RPM)<\/td>\n<\/tr>\n<\/tbody>\n<\/table>\n<\/td>\n<\/tr>\n<tr>\n<td width=\"315\"><\/td>\n<td width=\"160\">Speed (no load) RPM<\/td>\n<td width=\"119\">Torque (stall) Nm<\/td>\n<\/tr>\n<tr>\n<td width=\"315\">1st Gear<\/td>\n<td width=\"160\">122- 199<\/td>\n<td width=\"119\">5322 &#8211; 3254<\/td>\n<\/tr>\n<tr>\n<td width=\"315\">2nd Gear<\/td>\n<td width=\"160\">245 &#8211; 400<\/td>\n<td width=\"119\">2648 &#8211; 1620<\/td>\n<\/tr>\n<tr>\n<td width=\"315\">3rd Gear<\/td>\n<td width=\"160\">440 &#8211; 714<\/td>\n<td width=\"119\">1486 &#8211; 908<\/td>\n<\/tr>\n<tr>\n<td width=\"315\">4th Gear<\/td>\n<td width=\"160\">769 &#8211; 1,250<\/td>\n<td width=\"119\">849 &#8211; 519<\/td>\n<\/tr>\n<\/tbody>\n<\/table>\n<p>[\/vc_toggle][vc_toggle title=&#8221;Hydraulic System&#8221; style=&#8221;rounded&#8221; size=&#8221;sm&#8221;]<\/p>\n<table width=\"594\">\n<tbody>\n<tr>\n<td width=\"315\">Primary Pump<\/td>\n<td colspan=\"2\" width=\"279\">Kawasaki K3VL112 Axial piston, variable displacement load sensing, pressure compensated with low pressure standby.<\/td>\n<\/tr>\n<tr>\n<td width=\"315\">Max Flow<\/td>\n<td colspan=\"2\" width=\"279\">246 L\/m<\/td>\n<\/tr>\n<tr>\n<td width=\"315\">Maximum Pressure<\/td>\n<td colspan=\"2\" width=\"279\">320 bar<\/td>\n<\/tr>\n<tr>\n<td width=\"315\">Secondary Pump<\/td>\n<td colspan=\"2\" width=\"279\">Kawasaki K3VL45 Axial piston, variable displacement, pressure compensated<\/td>\n<\/tr>\n<tr>\n<td width=\"315\">Max Flow<\/td>\n<td colspan=\"2\" width=\"279\">99 L\/m<\/td>\n<\/tr>\n<tr>\n<td width=\"315\">Maximum Pressure<\/td>\n<td colspan=\"2\" width=\"279\">320 bar<\/td>\n<\/tr>\n<tr>\n<td width=\"315\">Auxiliary Pump<\/td>\n<td colspan=\"2\" width=\"279\">Kawasaki K3VL28 Axial piston, variable displacement load sensing, pressure compensated with low pressure standby<\/td>\n<\/tr>\n<tr>\n<td width=\"315\">Max Flow<\/td>\n<td colspan=\"2\" width=\"279\">61 L\/m<\/td>\n<\/tr>\n<tr>\n<td width=\"315\">Maximum Pressure<\/td>\n<td colspan=\"2\" width=\"279\">170 bar<\/td>\n<\/tr>\n<\/tbody>\n<\/table>\n<p>[\/vc_toggle][vc_toggle title=&#8221;Drill Mast And Feed System&#8221; style=&#8221;rounded&#8221; size=&#8221;sm&#8221;]<\/p>\n<table width=\"594\">\n<tbody>\n<tr>\n<td width=\"315\">Feed Stroke<\/td>\n<td colspan=\"2\" width=\"279\">3.80 m<\/td>\n<\/tr>\n<tr>\n<td width=\"315\">Pull Capacity @ 2,000 psi<\/td>\n<td colspan=\"2\" width=\"279\">7850 kg<\/td>\n<\/tr>\n<tr>\n<td width=\"315\">Thrust Capacity @ 2,000 psi<\/td>\n<td colspan=\"2\" width=\"279\">5200 kg<\/td>\n<\/tr>\n<tr>\n<td width=\"315\">Rod Pull<\/td>\n<td colspan=\"2\" width=\"279\">3 or 6 m<\/td>\n<\/tr>\n<tr>\n<td width=\"315\">Drilling Angle<\/td>\n<td colspan=\"2\" width=\"279\">45\u00b0 off horizontal to 90\u00b0 vertical down<\/td>\n<\/tr>\n<\/tbody>\n<\/table>\n<p>[\/vc_toggle][vc_toggle title=&#8221;Draw Works&#8221; style=&#8221;rounded&#8221; size=&#8221;sm&#8221;]<\/p>\n<table width=\"594\">\n<tbody>\n<tr>\n<td width=\"315\">Main Line Hoist<\/td>\n<td colspan=\"2\" width=\"279\">Main Line Hoist Double speed motor<\/td>\n<\/tr>\n<tr>\n<td width=\"315\">Hook Load (single part line) Bare Drum<\/td>\n<td colspan=\"2\" width=\"279\">9500 kg<\/td>\n<\/tr>\n<tr>\n<td width=\"315\">Hoisting Speed (single part line) Bare Drum<\/td>\n<td colspan=\"2\" width=\"279\">53 m\/min<\/td>\n<\/tr>\n<tr>\n<td width=\"315\">Main Hoist Cable<\/td>\n<td colspan=\"2\" width=\"279\">16 mm<\/td>\n<\/tr>\n<tr>\n<td width=\"315\">Minimum Breaking Strength<\/td>\n<td colspan=\"2\" width=\"279\">23000 kg<\/td>\n<\/tr>\n<tr>\n<td width=\"315\">Foot Clamp Capacity<\/td>\n<td colspan=\"2\" width=\"279\">HWT<\/td>\n<\/tr>\n<\/tbody>\n<\/table>\n<p>[\/vc_toggle][vc_toggle title=&#8221;Wireline Hoist&#8221; style=&#8221;rounded&#8221; size=&#8221;sm&#8221;]<\/p>\n<table>\n<tbody>\n<tr>\n<td width=\"328\">Rotation Motor<\/td>\n<td width=\"290\">Eaton 1041991 400 cc\/rev, hydraulic motor<\/td>\n<\/tr>\n<tr>\n<td colspan=\"2\" width=\"618\">Line Pull<\/td>\n<\/tr>\n<tr>\n<td width=\"328\">Bare Drum<\/td>\n<td width=\"290\">990 kg<\/td>\n<\/tr>\n<tr>\n<td width=\"328\">Full Drum<\/td>\n<td width=\"290\">275 kg<\/td>\n<\/tr>\n<tr>\n<td colspan=\"2\" width=\"618\">Line Speed<\/td>\n<\/tr>\n<tr>\n<td width=\"328\">Bare Drum<\/td>\n<td width=\"290\">145 m\/min<\/td>\n<\/tr>\n<tr>\n<td width=\"328\">Full Drum<\/td>\n<td width=\"290\">433 m\/min<\/td>\n<\/tr>\n<tr>\n<td width=\"328\">Drum Capacity 4.8 mm (3\/16\u201d) swaged<\/td>\n<td width=\"290\">1900 m<\/td>\n<\/tr>\n<tr>\n<td width=\"328\">Minimum Breaking Strength<\/td>\n<td width=\"290\">2250 kg<\/td>\n<\/tr>\n<\/tbody>\n<\/table>\n<p>[\/vc_toggle][vc_toggle title=&#8221;Track System&#8221; style=&#8221;rounded&#8221; size=&#8221;sm&#8221;]<\/p>\n<table>\n<tbody>\n<tr>\n<td width=\"328\">Track Model<\/td>\n<td width=\"290\">Strickland DT223B<\/td>\n<\/tr>\n<tr>\n<td width=\"328\">Maximum Dynamic Capacity<\/td>\n<td width=\"290\">7500 kg<\/td>\n<\/tr>\n<tr>\n<td width=\"328\">Track Type<\/td>\n<td width=\"290\">400 mm wide triple grouser steel track shoes<\/td>\n<\/tr>\n<\/tbody>\n<\/table>\n<p>[\/vc_toggle][vc_toggle title=&#8221;RQ-535 Triplex Mud Pump&#8221; style=&#8221;rounded&#8221; size=&#8221;sm&#8221;]<\/p>\n<table>\n<tbody>\n<tr>\n<td width=\"328\">Rotation Motor<\/td>\n<td width=\"290\">Eaton 104-1385 100 cc\/rev, hydraulic motor<\/td>\n<\/tr>\n<tr>\n<td width=\"328\">Max. Flow Rate<\/td>\n<td width=\"290\">135 L\/m<\/td>\n<\/tr>\n<tr>\n<td width=\"328\">Working \u00a0Pressure<\/td>\n<td width=\"290\">36 Bar<\/td>\n<\/tr>\n<tr>\n<td width=\"328\">Max. \u00a0Pressure<\/td>\n<td width=\"290\">49 Bar<\/td>\n<\/tr>\n<\/tbody>\n<\/table>\n<p>[\/vc_toggle][vc_toggle title=&#8221;Mud Mixer&#8221; style=&#8221;rounded&#8221; size=&#8221;sm&#8221;]<\/p>\n<table>\n<tbody>\n<tr>\n<td colspan=\"2\" width=\"618\">Hydraulicly Powered Mud Mixer<\/td>\n<\/tr>\n<tr>\n<td width=\"328\">Maximum R.P.M. of Mud Mixer Shaft at Full Flow<\/td>\n<td width=\"290\">2300<\/td>\n<\/tr>\n<\/tbody>\n<\/table>\n<p>[\/vc_toggle][\/vc_column][vc_column width=&#8221;3\/5&#8243;][vc_single_image image=&#8221;924&#8243; img_size=&#8221;400&#215;580&#8243; alignment=&#8221;center&#8221; style=&#8221;vc_box_rounded&#8221; onclick=&#8221;img_link_large&#8221; css_animation=&#8221;fadeIn&#8221;][vc_column_text]DRILLING EQUIPMENT SALES REFERENCES<\/p>\n<table width=\"605\">\n<tbody>\n<tr>\n<td width=\"605\">1- MNG Gold Liberia., (5 pcs ER-1100)<\/td>\n<\/tr>\n<tr>\n<td width=\"605\">2- Takeed for Soil &amp; Foundation Testing Co., Saudi Arabia (1 pcs ER-1100)<\/td>\n<\/tr>\n<tr>\n<td width=\"605\">3- Al Haytham General Cont. East., Saudi Arabia (1 pcs ER-1100)<\/td>\n<\/tr>\n<tr>\n<td width=\"605\">4- Devasa Mining Inc., T\u00fcrkiye (2 pcs ER-1100)<\/td>\n<\/tr>\n<tr>\n<td width=\"605\">5- Aga Mining Inc., T\u00fcrkiye (1 pcs ER-1100)<\/td>\n<\/tr>\n<tr>\n<td width=\"605\">6- Kurt Drilling Co. Ltd., T\u00fcrkiye ( 2 pcs ER-1100)<\/td>\n<\/tr>\n<tr>\n<td width=\"605\">7- Feni Mining Inc., T\u00fcrkiye (1 pcs ER-1100)<\/td>\n<\/tr>\n<tr>\n<td width=\"605\">8- Enerson Engineering Co.Ltd., T\u00fcrkiye (2 pcs ER-1100)<\/td>\n<\/tr>\n<\/tbody>\n<\/table>\n<p>[\/vc_column_text][\/vc_column][\/vc_row]<\/p>\n","protected":false},"excerpt":{"rendered":"<p>[vc_row][vc_column][vc_column_text] ER-1100B CORE DRILLING MACHINE [\/vc_column_text][\/vc_column][\/vc_row][vc_row][vc_column width=&#8221;2\/5&#8243;][vc_column_text] TECHNICIAL SPECIFICATIONS [\/vc_column_text][vc_toggle title=&#8221;Drilling Capacity&#8221; style=&#8221;rounded&#8221; size=&#8221;sm&#8221;] Drill Rod Drilling Depth, meters Based on fluid filled hole conditions BQ 1400 NQ 1100 HQ 725 PQ 480 [\/vc_toggle][vc_toggle title=&#8221;Engine (Prime Mover)&#8221; style=&#8221;rounded&#8221; size=&#8221;sm&#8221;] Engine<span class=\"read_more_area\"><a class=\"read-more\" href=\"http:\/\/www.enmaddrilling.com\/index.php\/en\/er-1100b\/\"> Continue Reading <\/a><\/span><\/p>\n","protected":false},"author":1,"featured_media":0,"parent":0,"menu_order":0,"comment_status":"closed","ping_status":"closed","template":"","meta":[],"aioseo_notices":[],"_links":{"self":[{"href":"http:\/\/www.enmaddrilling.com\/index.php\/wp-json\/wp\/v2\/pages\/1024"}],"collection":[{"href":"http:\/\/www.enmaddrilling.com\/index.php\/wp-json\/wp\/v2\/pages"}],"about":[{"href":"http:\/\/www.enmaddrilling.com\/index.php\/wp-json\/wp\/v2\/types\/page"}],"author":[{"embeddable":true,"href":"http:\/\/www.enmaddrilling.com\/index.php\/wp-json\/wp\/v2\/users\/1"}],"replies":[{"embeddable":true,"href":"http:\/\/www.enmaddrilling.com\/index.php\/wp-json\/wp\/v2\/comments?post=1024"}],"version-history":[{"count":4,"href":"http:\/\/www.enmaddrilling.com\/index.php\/wp-json\/wp\/v2\/pages\/1024\/revisions"}],"predecessor-version":[{"id":1052,"href":"http:\/\/www.enmaddrilling.com\/index.php\/wp-json\/wp\/v2\/pages\/1024\/revisions\/1052"}],"wp:attachment":[{"href":"http:\/\/www.enmaddrilling.com\/index.php\/wp-json\/wp\/v2\/media?parent=1024"}],"curies":[{"name":"wp","href":"https:\/\/api.w.org\/{rel}","templated":true}]}}